{"id":224,"date":"2025-01-25T18:31:06","date_gmt":"2025-01-25T18:31:06","guid":{"rendered":"https:\/\/www.olix.fi\/?page_id=224"},"modified":"2025-01-25T18:54:36","modified_gmt":"2025-01-25T18:54:36","slug":"tietoa","status":"publish","type":"page","link":"https:\/\/www.olix.fi\/?page_id=224","title":{"rendered":"Tietoa"},"content":{"rendered":"\n<h2 class=\"wp-block-heading has-vivid-cyan-blue-color has-text-color has-link-color wp-elements-0c2cd123e212e48884b63c27c123e76b\">Koivu on hyv\u00e4 polttopuu useista syist\u00e4:<\/h2>\n\n\n\n<ul class=\"wp-block-list has-vivid-cyan-blue-color has-text-color has-link-color wp-elements-4100e557d46f528af3b79b245acae34d\">\n<li>Hyv\u00e4 energiasis\u00e4lt\u00f6: Koivun polttaminen tuottaa paljon l\u00e4mp\u00f6\u00e4, mik\u00e4 tekee siit\u00e4 tehokkaan polttopuun.<\/li>\n<\/ul>\n\n\n\n<ul class=\"wp-block-list has-vivid-cyan-blue-color has-text-color has-link-color wp-elements-9bdc80ee3cd00c72cb31ae4175d5f0ec\">\n<li>K\u00e4ytt\u00f6mukavuus: Koivun puu on suhteellisen helposti syttyv\u00e4\u00e4 ja palaa tasaisesti, mik\u00e4 tekee siit\u00e4 miellytt\u00e4v\u00e4n k\u00e4ytt\u00e4\u00e4 tulisijassa.<\/li>\n<\/ul>\n\n\n\n<ul class=\"wp-block-list has-vivid-cyan-blue-color has-text-color has-link-color wp-elements-37da6bdba91f0bae0c7836c95c6873b4\">\n<li>Pieni savuntuotto: Koivu tuottaa v\u00e4hemm\u00e4n savua verrattuna moniin muihin puulajeihin, mik\u00e4 tekee siit\u00e4 ymp\u00e4rist\u00f6yst\u00e4v\u00e4llisemm\u00e4n vaihtoehdon.<\/li>\n<\/ul>\n\n\n\n<ul class=\"wp-block-list\">\n<li class=\"has-vivid-cyan-blue-color has-text-color has-link-color wp-elements-6170cd3e667cda92e763fb00032ba41f\">Hyv\u00e4 hiilidioksiditasapaino: Koivut kasvavat nopeasti ja sitovat hiilidioksidia, joten niiden k\u00e4ytt\u00f6 polttopuuna voi olla kest\u00e4v\u00e4mp\u00e4\u00e4 kuin hitaammin kasvavien puulajien.<\/li>\n<\/ul>\n\n\n\n<ul class=\"wp-block-list\">\n<li class=\"has-vivid-cyan-blue-color has-text-color has-link-color wp-elements-18846ab59e7c3d3d97c1e1b4440002b8\">Miellytt\u00e4v\u00e4 tuoksu: Koivun polttaminen tuottaa miellytt\u00e4v\u00e4n tuoksun, mik\u00e4 lis\u00e4\u00e4 tulisijan tunnelmaa.<\/li>\n<\/ul>\n\n\n\n<ul class=\"wp-block-list\">\n<li class=\"has-vivid-cyan-blue-color has-text-color has-link-color wp-elements-c344e37de481324008510b171c7395e5\">N\u00e4m\u00e4 syyt tekev\u00e4t koivusta suositun valinnan polttopuuksi.<\/li>\n<\/ul>\n\n\n\n<p><\/p>\n\n\n\n<h2 class=\"wp-block-heading has-vivid-cyan-blue-color has-text-color has-link-color wp-elements-46f20902c134d6c166ad11481410d47d\">Polttopuun kosteus<\/h2>\n\n\n\n<p class=\"has-vivid-cyan-blue-color has-text-color has-link-color wp-elements-3e679a0afc35a48e4251d0f148b3d257\">Polttopuun kosteus on t\u00e4rke\u00e4 tekij\u00e4, joka vaikuttaa puun palamiseen, energiatehokkuuteen ja ymp\u00e4rist\u00f6vaikutuksiin. Sopiva kosteusprosentti polttopuussa on yleens\u00e4 noin 15-20 %. Liian kostea puu (yli 20 %) voi aiheuttaa huonon palamisen, enemm\u00e4n savua ja hiukkasp\u00e4\u00e4st\u00f6j\u00e4 sek\u00e4 v\u00e4hemm\u00e4n l\u00e4mp\u00f6energiaa. Kuiva puu puolestaan palaa tehokkaammin ja tuottaa enemm\u00e4n l\u00e4mp\u00f6\u00e4. Jos puu on liian kosteaa, sen kuivaaminen ennen k\u00e4ytt\u00f6\u00e4 on suositeltavaa. <\/p>\n\n\n\n<p><\/p>\n","protected":false},"excerpt":{"rendered":"<p>Koivu on hyv\u00e4 polttopuu useista syist\u00e4: Polttopuun kosteus Polttopuun kosteus on t\u00e4rke\u00e4 tekij\u00e4, joka vaikuttaa puun palamiseen, energiatehokkuuteen ja ymp\u00e4rist\u00f6vaikutuksiin. Sopiva kosteusprosentti polttopuussa on yleens\u00e4 noin 15-20 %. Liian kostea puu (yli 20 %) voi aiheuttaa huonon palamisen, enemm\u00e4n savua ja hiukkasp\u00e4\u00e4st\u00f6j\u00e4 sek\u00e4 v\u00e4hemm\u00e4n l\u00e4mp\u00f6energiaa. Kuiva puu puolestaan palaa tehokkaammin ja tuottaa enemm\u00e4n l\u00e4mp\u00f6\u00e4. Jos [&hellip;]<\/p>\n","protected":false},"author":1,"featured_media":0,"parent":0,"menu_order":0,"comment_status":"closed","ping_status":"closed","template":"","meta":{"footnotes":""},"class_list":["post-224","page","type-page","status-publish","hentry"],"_links":{"self":[{"href":"https:\/\/www.olix.fi\/index.php?rest_route=\/wp\/v2\/pages\/224","targetHints":{"allow":["GET"]}}],"collection":[{"href":"https:\/\/www.olix.fi\/index.php?rest_route=\/wp\/v2\/pages"}],"about":[{"href":"https:\/\/www.olix.fi\/index.php?rest_route=\/wp\/v2\/types\/page"}],"author":[{"embeddable":true,"href":"https:\/\/www.olix.fi\/index.php?rest_route=\/wp\/v2\/users\/1"}],"replies":[{"embeddable":true,"href":"https:\/\/www.olix.fi\/index.php?rest_route=%2Fwp%2Fv2%2Fcomments&post=224"}],"version-history":[{"count":6,"href":"https:\/\/www.olix.fi\/index.php?rest_route=\/wp\/v2\/pages\/224\/revisions"}],"predecessor-version":[{"id":236,"href":"https:\/\/www.olix.fi\/index.php?rest_route=\/wp\/v2\/pages\/224\/revisions\/236"}],"wp:attachment":[{"href":"https:\/\/www.olix.fi\/index.php?rest_route=%2Fwp%2Fv2%2Fmedia&parent=224"}],"curies":[{"name":"wp","href":"https:\/\/api.w.org\/{rel}","templated":true}]}}