{"id":9,"date":"2024-10-01T06:47:38","date_gmt":"2024-10-01T06:47:38","guid":{"rendered":"http:\/\/www.olix.fi\/?page_id=9"},"modified":"2025-09-22T09:41:20","modified_gmt":"2025-09-22T09:41:20","slug":"about","status":"publish","type":"page","link":"https:\/\/www.olix.fi\/?page_id=9","title":{"rendered":"Hinnat"},"content":{"rendered":"\n<div class=\"wp-block-group\"><div class=\"wp-block-group__inner-container is-layout-constrained wp-block-group-is-layout-constrained\">\n<p class=\"has-text-align-left has-vivid-cyan-blue-color has-white-background-color has-text-color has-background has-link-color has-large-font-size wp-elements-2ffcfd000d7ea46395c13f4382ad8fe5\">S\u00e4\u00e4lt\u00e4suojassa kuivattua koivuhalkoa<\/p>\n\n\n\n<div class=\"wp-block-group\"><div class=\"wp-block-group__inner-container is-layout-constrained wp-block-group-is-layout-constrained\">\n<div class=\"wp-block-group has-vivid-cyan-blue-color has-text-color has-link-color wp-elements-c11a0dea4d0e6d198ad2b62b45c3ae86\"><div class=\"wp-block-group__inner-container is-layout-constrained wp-block-group-is-layout-constrained\">\n<p class=\"has-vivid-cyan-blue-color has-text-color has-link-color wp-elements-05632029db11419b895fe2527d27a9af\"><\/p>\n\n\n\n<ul class=\"wp-block-list\">\n<li class=\"has-white-color has-text-color has-link-color wp-elements-6b12f4807b757825a25cdfafc27be0d1\">\n<ul class=\"wp-block-list has-vivid-cyan-blue-color has-white-background-color has-text-color has-background has-link-color wp-elements-7055910103d4176047b56e289a3be85b\">\n<li class=\"has-vivid-cyan-blue-color has-text-color has-link-color wp-elements-54d7b7e6cf5c833fcd82572149ef839a\">30-35cm koivuhalko 70\u20ac irtokuutio<\/li>\n\n\n\n<li class=\"has-vivid-cyan-blue-color has-text-color has-link-color wp-elements-fb59c4fa5e719fa40e2db075ef72dc59\">Toimitus Iin K\u00e4rkk\u00e4iselt\u00e4\n<ul class=\"wp-block-list\">\n<li class=\"has-vivid-cyan-blue-color has-text-color has-link-color wp-elements-6706ed0cbc8911efcc27ac3e913d668c\">20km s\u00e4teell\u00e4 50\u20ac \/ Kuorma<\/li>\n\n\n\n<li>40km s\u00e4teell\u00e4 80\u20ac \/ Kuorma<br>Kipattuna 3-8 kuutiota (kippaus paikalle pit\u00e4\u00e4 p\u00e4\u00e4st\u00e4 henkil\u00f6autolla per\u00e4vaunun kanssa)<\/li>\n<\/ul>\n<\/li>\n\n\n\n<li>Maksutapa: Maksukortit, Mobilepay ja ennakkolasku<\/li>\n\n\n\n<li>Kaikki hinnat sis\u00e4lt\u00e4\u00e4&nbsp;alv25,5%<\/li>\n<\/ul>\n<\/li>\n<\/ul>\n<\/div><\/div>\n<\/div><\/div>\n<\/div><\/div>\n\n\n\n<p><\/p>\n","protected":false},"excerpt":{"rendered":"<p>S\u00e4\u00e4lt\u00e4suojassa kuivattua koivuhalkoa<\/p>\n","protected":false},"author":1,"featured_media":0,"parent":0,"menu_order":0,"comment_status":"closed","ping_status":"closed","template":"","meta":{"footnotes":""},"class_list":["post-9","page","type-page","status-publish","hentry"],"_links":{"self":[{"href":"https:\/\/www.olix.fi\/index.php?rest_route=\/wp\/v2\/pages\/9","targetHints":{"allow":["GET"]}}],"collection":[{"href":"https:\/\/www.olix.fi\/index.php?rest_route=\/wp\/v2\/pages"}],"about":[{"href":"https:\/\/www.olix.fi\/index.php?rest_route=\/wp\/v2\/types\/page"}],"author":[{"embeddable":true,"href":"https:\/\/www.olix.fi\/index.php?rest_route=\/wp\/v2\/users\/1"}],"replies":[{"embeddable":true,"href":"https:\/\/www.olix.fi\/index.php?rest_route=%2Fwp%2Fv2%2Fcomments&post=9"}],"version-history":[{"count":50,"href":"https:\/\/www.olix.fi\/index.php?rest_route=\/wp\/v2\/pages\/9\/revisions"}],"predecessor-version":[{"id":245,"href":"https:\/\/www.olix.fi\/index.php?rest_route=\/wp\/v2\/pages\/9\/revisions\/245"}],"wp:attachment":[{"href":"https:\/\/www.olix.fi\/index.php?rest_route=%2Fwp%2Fv2%2Fmedia&parent=9"}],"curies":[{"name":"wp","href":"https:\/\/api.w.org\/{rel}","templated":true}]}}